{"id":36,"date":"2022-12-21T09:58:17","date_gmt":"2022-12-21T08:58:17","guid":{"rendered":"https:\/\/www.domaine-kennel.fr\/?page_id=36"},"modified":"2023-03-31T16:05:48","modified_gmt":"2023-03-31T14:05:48","slug":"mentions-legales","status":"publish","type":"page","link":"https:\/\/www.domaine-kennel.fr\/en\/mentions-legales\/","title":{"rendered":"Legal Mentions"},"content":{"rendered":"<div class=\"vc_row wpb_row vc_row-fluid\"><div class=\"wpb_column vc_column_container vc_col-sm-12\"><div class=\"vc_column-inner\"><div class=\"wpb_wrapper\"><h1 style=\"text-align: left\" class=\"vc_custom_heading\" >Legal Mentions<\/h1><\/div><\/div><\/div><\/div><div class=\"vc_row wpb_row vc_row-fluid\"><div class=\"wpb_column vc_column_container vc_col-sm-12\"><div class=\"vc_column-inner\"><div class=\"wpb_wrapper\"><div class=\"vc_empty_space\"   style=\"height: 32px\"><span class=\"vc_empty_space_inner\"><\/span><\/div>\n\t<div class=\"wpb_text_column wpb_content_element\" >\n\t\t<div class=\"wpb_wrapper\">\n\t\t\t<p>The owner and editor of this website is Domaine Kennel of Mas les Baux, 116 chemin des Mouli\u00e8res, 83390 Pierrefeu-du-Var, France.<br \/>\nTelephone: +33 (0)4 94 28 20 39.<br \/>\nSAS capital 38 200 euros<br \/>\nRCS TOULON 479 319 493<br \/>\nTVA FR 33 479319493<\/p>\n<p>Director of publication: <strong>Julien Kennel<\/strong><\/p>\n<p>All text, illustration, and photographic works present on this site are protected with the Laws of Intellectual Property and international conventions concerning literary and artistic works, and may not be used, reproduced, represented, adapted or copies, in whole or in part, in any form whatsoever, by any existing or future means, anywhere in the world, without our express permission.<\/p>\n<p>In the event of dispute, the court of competent jurisdiction is that of Toulon (Var- France)<\/p>\n\n\t\t<\/div>\n\t<\/div>\n<\/div><\/div><\/div><\/div><div class=\"vc_row wpb_row vc_row-fluid\"><div class=\"wpb_column vc_column_container vc_col-sm-12\"><div class=\"vc_column-inner\"><div class=\"wpb_wrapper\">\n\t<div class=\"wpb_text_column wpb_content_element\" >\n\t\t<div class=\"wpb_wrapper\">\n\t\t\t<h4 style=\"margin-bottom:0px;\">Site hosted by<\/h4>\n<p><a href=\"http:\/\/www.ovh.com\" target=\"_blank\" rel=\"noopener\">OVH<\/a><\/p>\n\n\t\t<\/div>\n\t<\/div>\n<\/div><\/div><\/div><\/div><div class=\"vc_row wpb_row vc_row-fluid\"><div class=\"wpb_column vc_column_container vc_col-sm-12\"><div class=\"vc_column-inner\"><div class=\"wpb_wrapper\">\n\t<div class=\"wpb_text_column wpb_content_element\" >\n\t\t<div class=\"wpb_wrapper\">\n\t\t\t<h4 style=\"margin-bottom: 0px;\">Site Conception<\/h4>\n<p><span style=\"font-weight: 400;\">made in mouse<sup>\u00ae<br \/>\n<\/sup><a href=\"http:\/\/www.madeinmouse.com\" target=\"_blank\" rel=\"noopener\">www.madeinmouse.com<\/a><\/span><\/p>\n\n\t\t<\/div>\n\t<\/div>\n<\/div><\/div><\/div><\/div><div class=\"vc_row wpb_row vc_row-fluid\"><div class=\"wpb_column vc_column_container vc_col-sm-12\"><div class=\"vc_column-inner\"><div class=\"wpb_wrapper\">\n\t<div class=\"wpb_text_column wpb_content_element\" >\n\t\t<div class=\"wpb_wrapper\">\n\t\t\t<h4>Photo Credits<br \/>\n<span style=\"font-weight: 400;\">X<\/span><\/h4>\n\n\t\t<\/div>\n\t<\/div>\n<\/div><\/div><\/div><\/div>","protected":false},"excerpt":{"rendered":"Mentions l\u00e9gales Le propri\u00e9taire et \u00e9diteur de ce site internet est le Domaine Kennel ayant son si\u00e8ge social Mas les","protected":false},"author":1,"featured_media":0,"parent":0,"menu_order":0,"comment_status":"closed","ping_status":"closed","template":"","meta":{"footnotes":""},"class_list":["post-36","page","type-page","status-publish","hentry"],"yoast_head":"<!-- This site is optimized with the Yoast SEO plugin v21.2 - https:\/\/yoast.com\/wordpress\/plugins\/seo\/ -->\n<title>Mentions l\u00e9gales - Domaine Kennel<\/title>\n<meta name=\"robots\" content=\"index, follow, max-snippet:-1, max-image-preview:large, max-video-preview:-1\" \/>\n<link rel=\"canonical\" href=\"https:\/\/www.domaine-kennel.fr\/en\/mentions-legales\/\" \/>\n<meta property=\"og:locale\" content=\"en_GB\" \/>\n<meta property=\"og:type\" content=\"article\" \/>\n<meta property=\"og:title\" content=\"Mentions l\u00e9gales - Domaine Kennel\" \/>\n<meta property=\"og:url\" content=\"https:\/\/www.domaine-kennel.fr\/en\/mentions-legales\/\" \/>\n<meta property=\"og:site_name\" content=\"Domaine Kennel\" \/>\n<meta property=\"article:modified_time\" content=\"2023-03-31T14:05:48+00:00\" \/>\n<meta name=\"twitter:card\" content=\"summary_large_image\" \/>\n<script type=\"application\/ld+json\" class=\"yoast-schema-graph\">{\"@context\":\"https:\/\/schema.org\",\"@graph\":[{\"@type\":\"WebPage\",\"@id\":\"https:\/\/www.domaine-kennel.fr\/mentions-legales\/\",\"url\":\"https:\/\/www.domaine-kennel.fr\/mentions-legales\/\",\"name\":\"Mentions l\u00e9gales - Domaine Kennel\",\"isPartOf\":{\"@id\":\"https:\/\/www.domaine-kennel.fr\/#website\"},\"datePublished\":\"2022-12-21T08:58:17+00:00\",\"dateModified\":\"2023-03-31T14:05:48+00:00\",\"breadcrumb\":{\"@id\":\"https:\/\/www.domaine-kennel.fr\/mentions-legales\/#breadcrumb\"},\"inLanguage\":\"en-GB\",\"potentialAction\":[{\"@type\":\"ReadAction\",\"target\":[\"https:\/\/www.domaine-kennel.fr\/mentions-legales\/\"]}]},{\"@type\":\"BreadcrumbList\",\"@id\":\"https:\/\/www.domaine-kennel.fr\/mentions-legales\/#breadcrumb\",\"itemListElement\":[{\"@type\":\"ListItem\",\"position\":1,\"name\":\"Accueil\",\"item\":\"https:\/\/www.domaine-kennel.fr\/\"},{\"@type\":\"ListItem\",\"position\":2,\"name\":\"Mentions l\u00e9gales\"}]},{\"@type\":\"WebSite\",\"@id\":\"https:\/\/www.domaine-kennel.fr\/#website\",\"url\":\"https:\/\/www.domaine-kennel.fr\/\",\"name\":\"Domaine Kennel\",\"description\":\"\",\"potentialAction\":[{\"@type\":\"SearchAction\",\"target\":{\"@type\":\"EntryPoint\",\"urlTemplate\":\"https:\/\/www.domaine-kennel.fr\/?s={search_term_string}\"},\"query-input\":\"required name=search_term_string\"}],\"inLanguage\":\"en-GB\"}]}<\/script>\n<!-- \/ Yoast SEO plugin. -->","yoast_head_json":{"title":"Mentions l\u00e9gales - Domaine Kennel","robots":{"index":"index","follow":"follow","max-snippet":"max-snippet:-1","max-image-preview":"max-image-preview:large","max-video-preview":"max-video-preview:-1"},"canonical":"https:\/\/www.domaine-kennel.fr\/en\/mentions-legales\/","og_locale":"en_GB","og_type":"article","og_title":"Mentions l\u00e9gales - Domaine Kennel","og_url":"https:\/\/www.domaine-kennel.fr\/en\/mentions-legales\/","og_site_name":"Domaine Kennel","article_modified_time":"2023-03-31T14:05:48+00:00","twitter_card":"summary_large_image","schema":{"@context":"https:\/\/schema.org","@graph":[{"@type":"WebPage","@id":"https:\/\/www.domaine-kennel.fr\/mentions-legales\/","url":"https:\/\/www.domaine-kennel.fr\/mentions-legales\/","name":"Mentions l\u00e9gales - Domaine Kennel","isPartOf":{"@id":"https:\/\/www.domaine-kennel.fr\/#website"},"datePublished":"2022-12-21T08:58:17+00:00","dateModified":"2023-03-31T14:05:48+00:00","breadcrumb":{"@id":"https:\/\/www.domaine-kennel.fr\/mentions-legales\/#breadcrumb"},"inLanguage":"en-GB","potentialAction":[{"@type":"ReadAction","target":["https:\/\/www.domaine-kennel.fr\/mentions-legales\/"]}]},{"@type":"BreadcrumbList","@id":"https:\/\/www.domaine-kennel.fr\/mentions-legales\/#breadcrumb","itemListElement":[{"@type":"ListItem","position":1,"name":"Accueil","item":"https:\/\/www.domaine-kennel.fr\/"},{"@type":"ListItem","position":2,"name":"Mentions l\u00e9gales"}]},{"@type":"WebSite","@id":"https:\/\/www.domaine-kennel.fr\/#website","url":"https:\/\/www.domaine-kennel.fr\/","name":"Domaine Kennel","description":"","potentialAction":[{"@type":"SearchAction","target":{"@type":"EntryPoint","urlTemplate":"https:\/\/www.domaine-kennel.fr\/?s={search_term_string}"},"query-input":"required name=search_term_string"}],"inLanguage":"en-GB"}]}},"_links":{"self":[{"href":"https:\/\/www.domaine-kennel.fr\/en\/wp-json\/wp\/v2\/pages\/36","targetHints":{"allow":["GET"]}}],"collection":[{"href":"https:\/\/www.domaine-kennel.fr\/en\/wp-json\/wp\/v2\/pages"}],"about":[{"href":"https:\/\/www.domaine-kennel.fr\/en\/wp-json\/wp\/v2\/types\/page"}],"author":[{"embeddable":true,"href":"https:\/\/www.domaine-kennel.fr\/en\/wp-json\/wp\/v2\/users\/1"}],"replies":[{"embeddable":true,"href":"https:\/\/www.domaine-kennel.fr\/en\/wp-json\/wp\/v2\/comments?post=36"}],"version-history":[{"count":9,"href":"https:\/\/www.domaine-kennel.fr\/en\/wp-json\/wp\/v2\/pages\/36\/revisions"}],"predecessor-version":[{"id":313,"href":"https:\/\/www.domaine-kennel.fr\/en\/wp-json\/wp\/v2\/pages\/36\/revisions\/313"}],"wp:attachment":[{"href":"https:\/\/www.domaine-kennel.fr\/en\/wp-json\/wp\/v2\/media?parent=36"}],"curies":[{"name":"wp","href":"https:\/\/api.w.org\/{rel}","templated":true}]}}