{"id":397,"date":"2025-06-30T09:57:38","date_gmt":"2025-06-30T07:57:38","guid":{"rendered":"https:\/\/www.domaine-kennel.fr\/?page_id=397"},"modified":"2025-06-30T10:06:51","modified_gmt":"2025-06-30T08:06:51","slug":"guinguette-2025","status":"publish","type":"page","link":"https:\/\/www.domaine-kennel.fr\/en\/guinguette-2025\/","title":{"rendered":"Guinguette 2025"},"content":{"rendered":"<h1 data-start=\"100\" data-end=\"270\"><img loading=\"lazy\" decoding=\"async\" class=\"alignleft wp-image-400 size-medium\" style=\"border: 1px solid #ccc;\" src=\"https:\/\/www.domaine-kennel.fr\/wp-content\/uploads\/2025\/06\/visuel2025-300x283.jpg\" alt=\"\" width=\"300\" height=\"283\" srcset=\"https:\/\/www.domaine-kennel.fr\/wp-content\/uploads\/2025\/06\/visuel2025-300x283.jpg 300w, https:\/\/www.domaine-kennel.fr\/wp-content\/uploads\/2025\/06\/visuel2025-1024x966.jpg 1024w, https:\/\/www.domaine-kennel.fr\/wp-content\/uploads\/2025\/06\/visuel2025-768x724.jpg 768w, https:\/\/www.domaine-kennel.fr\/wp-content\/uploads\/2025\/06\/visuel2025-13x12.jpg 13w, https:\/\/www.domaine-kennel.fr\/wp-content\/uploads\/2025\/06\/visuel2025.jpg 1358w\" sizes=\"auto, (max-width: 300px) 100vw, 300px\" \/><\/h1>\n<h1>La <strong data-start=\"103\" data-end=\"147\">Guinguette sous les \u00e9toiles \u2013 3e \u00e9dition<\/strong><\/h1>\n<p data-start=\"100\" data-end=\"270\">Au c\u0153ur de notre domaine en C\u00f4te de Provence, vivez une exp\u00e9rience estivale unique entre vignes, musique et \u00e9toiles !<br \/>\nNous vous donnons rendez-vous les <strong data-start=\"306\" data-end=\"358\">31 juillet, 10 ao\u00fbt et 16 ao\u00fbt \u00e0 partir de 19h30<\/strong> .<\/p>\n<p data-start=\"414\" data-end=\"437\">\ud83c\udf77 <strong data-start=\"417\" data-end=\"435\">Au programme :<\/strong><\/p>\n<ul data-start=\"438\" data-end=\"660\">\n<li data-start=\"438\" data-end=\"519\">\n<p data-start=\"440\" data-end=\"519\"><strong data-start=\"440\" data-end=\"465\">D\u00e9gustation comment\u00e9e<\/strong> de 4 cuv\u00e9es en bio et biodynamie avec les vignerons<\/p>\n<\/li>\n<li data-start=\"438\" data-end=\"519\">\n<p data-start=\"440\" data-end=\"519\"><strong data-start=\"522\" data-end=\"541\">Soir\u00e9e dansante<\/strong> sous les guirlandes<\/p>\n<\/li>\n<li data-start=\"564\" data-end=\"660\">\n<p data-start=\"566\" data-end=\"660\"><strong data-start=\"566\" data-end=\"592\">Restauration sur place<\/strong> (en suppl\u00e9ment) avec des mets savoureux pour accompagner nos vins<\/p>\n<\/li>\n<\/ul>\n<p>&nbsp;<\/p>\n<p><strong><em>Le jeudi 31 juillet<\/em><\/strong><\/p>\n<p><strong>Soir\u00e9e Blues \/ Rock<\/strong> avec Pierre Sibille Duet<br \/>\n&#8211; Restauration : Cuisine Tha\u00ef avec Caprice<\/p>\n<p><strong><em>Le dimanche 10 Ao\u00fbt<\/em><\/strong><\/p>\n<p><strong>Soir\u00e9e Pop ann\u00e9es 80<\/strong> avec \u00ab\u00a088 mph\u00a0\u00bb<br \/>\n&#8211; Restauration Cuisine &amp; C\u00e9pages, accords mets\/Vins avec Yann Dethon<\/p>\n<p><em><strong>Le samedi 16 ao\u00fbt<\/strong><\/em><\/p>\n<p><strong>Soir\u00e9e Chill pop<\/strong> avec L\u00e9o, chanteur \/ Guitariste<br \/>\n&#8211; Restauration : Cuisine m\u00e9diterran\u00e9enne avec Caprice traiteur<\/p>\n<p>&#8212;&#8212;&#8212;&#8212;-<\/p>\n<p data-start=\"662\" data-end=\"843\">\ud83c\udf9f\ufe0f <strong data-start=\"666\" data-end=\"677\">Tarif :<\/strong> 20 \u20ac par personne &#8211;\u00a0<br data-start=\"695\" data-end=\"698\" \/>\ud83d\udcde <strong data-start=\"701\" data-end=\"728\">R\u00e9servation obligatoire<\/strong> \u2013 Places limit\u00e9es \u00e0 80 personnes par soir\u00e9e<br data-start=\"772\" data-end=\"775\" \/>\ud83d\udc49 R\u00e9servez au <strong data-start=\"790\" data-end=\"808\">04 94 28 20 89<\/strong> ou directement en ligne sur <a href=\"https:\/\/my.weezevent.com\/la-guinguette-sous-les-etoiles-2025\"><strong data-start=\"828\" data-end=\"841\">Weezevent<\/strong><\/a><\/p>\n<p data-start=\"845\" data-end=\"973\">Une ambiance conviviale, des vins d\u2019exception et des \u00e9toiles plein les yeux\u2026 Ne manquez pas ce rendez-vous festif au domaine !<\/p>\n<p>A bient\u00f4t<\/p>","protected":false},"excerpt":{"rendered":"<p>La Guinguette sous les \u00e9toiles \u2013 3e \u00e9dition Au c\u0153ur de notre domaine en C\u00f4te de Provence, vivez une exp\u00e9rience<\/p>","protected":false},"author":1,"featured_media":0,"parent":0,"menu_order":0,"comment_status":"closed","ping_status":"closed","template":"","meta":{"footnotes":""},"class_list":["post-397","page","type-page","status-publish","hentry"],"yoast_head":"<!-- This site is optimized with the Yoast SEO plugin v21.2 - https:\/\/yoast.com\/wordpress\/plugins\/seo\/ -->\n<title>Guinguette 2025 - Domaine Kennel<\/title>\n<meta name=\"robots\" content=\"index, follow, max-snippet:-1, max-image-preview:large, max-video-preview:-1\" \/>\n<link rel=\"canonical\" href=\"https:\/\/www.domaine-kennel.fr\/en\/guinguette-2025\/\" \/>\n<meta property=\"og:locale\" content=\"en_GB\" \/>\n<meta property=\"og:type\" content=\"article\" \/>\n<meta property=\"og:title\" content=\"Guinguette 2025 - Domaine Kennel\" \/>\n<meta property=\"og:description\" content=\"La Guinguette sous les \u00e9toiles \u2013 3e \u00e9dition Au c\u0153ur de notre domaine en C\u00f4te de Provence, vivez une exp\u00e9rience\" \/>\n<meta property=\"og:url\" content=\"https:\/\/www.domaine-kennel.fr\/en\/guinguette-2025\/\" \/>\n<meta property=\"og:site_name\" content=\"Domaine Kennel\" \/>\n<meta property=\"article:modified_time\" content=\"2025-06-30T08:06:51+00:00\" \/>\n<meta property=\"og:image\" content=\"https:\/\/www.domaine-kennel.fr\/wp-content\/uploads\/2025\/06\/visuel2025-300x283.jpg\" \/>\n<meta name=\"twitter:card\" content=\"summary_large_image\" \/>\n<meta name=\"twitter:label1\" content=\"Estimated reading time\" \/>\n\t<meta name=\"twitter:data1\" content=\"2 minutes\" \/>\n<script type=\"application\/ld+json\" class=\"yoast-schema-graph\">{\"@context\":\"https:\/\/schema.org\",\"@graph\":[{\"@type\":\"WebPage\",\"@id\":\"https:\/\/www.domaine-kennel.fr\/guinguette-2025\/\",\"url\":\"https:\/\/www.domaine-kennel.fr\/guinguette-2025\/\",\"name\":\"Guinguette 2025 - Domaine Kennel\",\"isPartOf\":{\"@id\":\"https:\/\/www.domaine-kennel.fr\/#website\"},\"datePublished\":\"2025-06-30T07:57:38+00:00\",\"dateModified\":\"2025-06-30T08:06:51+00:00\",\"breadcrumb\":{\"@id\":\"https:\/\/www.domaine-kennel.fr\/guinguette-2025\/#breadcrumb\"},\"inLanguage\":\"en-GB\",\"potentialAction\":[{\"@type\":\"ReadAction\",\"target\":[\"https:\/\/www.domaine-kennel.fr\/guinguette-2025\/\"]}]},{\"@type\":\"BreadcrumbList\",\"@id\":\"https:\/\/www.domaine-kennel.fr\/guinguette-2025\/#breadcrumb\",\"itemListElement\":[{\"@type\":\"ListItem\",\"position\":1,\"name\":\"Accueil\",\"item\":\"https:\/\/www.domaine-kennel.fr\/\"},{\"@type\":\"ListItem\",\"position\":2,\"name\":\"Guinguette 2025\"}]},{\"@type\":\"WebSite\",\"@id\":\"https:\/\/www.domaine-kennel.fr\/#website\",\"url\":\"https:\/\/www.domaine-kennel.fr\/\",\"name\":\"Domaine Kennel\",\"description\":\"\",\"potentialAction\":[{\"@type\":\"SearchAction\",\"target\":{\"@type\":\"EntryPoint\",\"urlTemplate\":\"https:\/\/www.domaine-kennel.fr\/?s={search_term_string}\"},\"query-input\":\"required name=search_term_string\"}],\"inLanguage\":\"en-GB\"}]}<\/script>\n<!-- \/ Yoast SEO plugin. -->","yoast_head_json":{"title":"Guinguette 2025 - Domaine Kennel","robots":{"index":"index","follow":"follow","max-snippet":"max-snippet:-1","max-image-preview":"max-image-preview:large","max-video-preview":"max-video-preview:-1"},"canonical":"https:\/\/www.domaine-kennel.fr\/en\/guinguette-2025\/","og_locale":"en_GB","og_type":"article","og_title":"Guinguette 2025 - Domaine Kennel","og_description":"La Guinguette sous les \u00e9toiles \u2013 3e \u00e9dition Au c\u0153ur de notre domaine en C\u00f4te de Provence, vivez une exp\u00e9rience","og_url":"https:\/\/www.domaine-kennel.fr\/en\/guinguette-2025\/","og_site_name":"Domaine Kennel","article_modified_time":"2025-06-30T08:06:51+00:00","og_image":[{"url":"https:\/\/www.domaine-kennel.fr\/wp-content\/uploads\/2025\/06\/visuel2025-300x283.jpg"}],"twitter_card":"summary_large_image","twitter_misc":{"Estimated reading time":"2 minutes"},"schema":{"@context":"https:\/\/schema.org","@graph":[{"@type":"WebPage","@id":"https:\/\/www.domaine-kennel.fr\/guinguette-2025\/","url":"https:\/\/www.domaine-kennel.fr\/guinguette-2025\/","name":"Guinguette 2025 - Domaine Kennel","isPartOf":{"@id":"https:\/\/www.domaine-kennel.fr\/#website"},"datePublished":"2025-06-30T07:57:38+00:00","dateModified":"2025-06-30T08:06:51+00:00","breadcrumb":{"@id":"https:\/\/www.domaine-kennel.fr\/guinguette-2025\/#breadcrumb"},"inLanguage":"en-GB","potentialAction":[{"@type":"ReadAction","target":["https:\/\/www.domaine-kennel.fr\/guinguette-2025\/"]}]},{"@type":"BreadcrumbList","@id":"https:\/\/www.domaine-kennel.fr\/guinguette-2025\/#breadcrumb","itemListElement":[{"@type":"ListItem","position":1,"name":"Accueil","item":"https:\/\/www.domaine-kennel.fr\/"},{"@type":"ListItem","position":2,"name":"Guinguette 2025"}]},{"@type":"WebSite","@id":"https:\/\/www.domaine-kennel.fr\/#website","url":"https:\/\/www.domaine-kennel.fr\/","name":"Domaine Kennel","description":"","potentialAction":[{"@type":"SearchAction","target":{"@type":"EntryPoint","urlTemplate":"https:\/\/www.domaine-kennel.fr\/?s={search_term_string}"},"query-input":"required name=search_term_string"}],"inLanguage":"en-GB"}]}},"_links":{"self":[{"href":"https:\/\/www.domaine-kennel.fr\/en\/wp-json\/wp\/v2\/pages\/397","targetHints":{"allow":["GET"]}}],"collection":[{"href":"https:\/\/www.domaine-kennel.fr\/en\/wp-json\/wp\/v2\/pages"}],"about":[{"href":"https:\/\/www.domaine-kennel.fr\/en\/wp-json\/wp\/v2\/types\/page"}],"author":[{"embeddable":true,"href":"https:\/\/www.domaine-kennel.fr\/en\/wp-json\/wp\/v2\/users\/1"}],"replies":[{"embeddable":true,"href":"https:\/\/www.domaine-kennel.fr\/en\/wp-json\/wp\/v2\/comments?post=397"}],"version-history":[{"count":8,"href":"https:\/\/www.domaine-kennel.fr\/en\/wp-json\/wp\/v2\/pages\/397\/revisions"}],"predecessor-version":[{"id":408,"href":"https:\/\/www.domaine-kennel.fr\/en\/wp-json\/wp\/v2\/pages\/397\/revisions\/408"}],"wp:attachment":[{"href":"https:\/\/www.domaine-kennel.fr\/en\/wp-json\/wp\/v2\/media?parent=397"}],"curies":[{"name":"wp","href":"https:\/\/api.w.org\/{rel}","templated":true}]}}